{"id":36,"date":"2025-05-13T06:35:28","date_gmt":"2025-05-13T06:35:28","guid":{"rendered":"https:\/\/educatorisportivi.it\/?page_id=36"},"modified":"2025-05-13T07:15:52","modified_gmt":"2025-05-13T07:15:52","slug":"regolamenti","status":"publish","type":"page","link":"https:\/\/educatorisportivi.it\/?page_id=36","title":{"rendered":"Regolamenti"},"content":{"rendered":"\n<figure class=\"wp-block-image aligncenter size-full is-resized\"><img fetchpriority=\"high\" decoding=\"async\" width=\"268\" height=\"188\" src=\"https:\/\/educatorisportivi.it\/wp-content\/uploads\/2025\/05\/logo.jpeg\" alt=\"\" class=\"wp-image-9\" style=\"width:186px;height:auto\"\/><\/figure>\n\n\n\n<p class=\"has-primary-color has-text-color has-link-color wp-elements-f5609a0fdf7cce2037441ea2316dd07f\">L\u2019Associazione Nazionale Educatori Sportivi nasce in Sicilia nel 2014, su idea del suo fondatore Dott. Walter Siragusa, (Ex Arbitro, Psicologo, Psicoterapeuta e Pedagogista)&nbsp;&nbsp;con la volont\u00e0 di attivare iniziative che possano costituire un&#8217;essenziale forma di protezione, educazione, formazione nei confronti di tutti i bambini o giovani che praticano attivit\u00e0 sportive, in modo particolare, lo sport del calcio del settore giovanile scolastico e dilettantistico, per contrastare il rischio di comportamenti violenti e stili di vita dannosi per la salute e per la societ\u00e0. Intervenire all&#8217;interno delle societ\u00e0 sportive durante le gare del settore giovanile scolastico e dilettantistico, sugli allenatori, sui loro genitori, e quindi sulle famiglie rafforzando i fattori protettivi e incrementando le capacit\u00e0 di ascolto e di comunicazione, rappresenta una prima e innovativa modalit\u00e0 di intervento che si propone l\u2019ANES.<\/p>\n\n\n\n<p class=\"has-primary-color has-text-color has-link-color wp-elements-ad959b731a448ff9b1ca74ca2fd0e113\">L&#8217;azione di intervento, nell&#8217;ambito calcistico, tiene conto del fatto che essere allenatore di calcio calcio di fronte ai grandi mutamenti sociali del nostro tempo e degli atti di violenza che si registrano nel mondo sportivo anche nel settore giovanile scolastico, \u00e8 compito particolarmente difficile, ancor pi\u00f9 complesso quando il bambino o giovane calciatore presenta un temperamento o tratti di personalit\u00e0 problematici.<\/p>\n\n\n\n<p class=\"has-primary-color has-text-color has-link-color wp-elements-1530df98c5b751c47ee7ba81bcaf303d\">L\u2019ANES mira a formare ed abilitare attraverso propri percorsi di formazione gli \u201cEDUCATORI SPORTIVI\u201d in ambito calcistico dai 18 anni in su, al servizio delle societ\u00e0 sportive e delle federazioni. Il corso prevede che giovani e adulti acquisiscono capacit\u00e0 di comunicazione di gestione dell&#8217;attivit\u00e0 sportiva e vita familiare, suggerendo comportamenti appropriati ed adeguati in ambito sportivo, fornendo mezzi, metodi e strategie di intervento per favorire gli aspetti pedagogici e psicologici, mantenere nella correttezza l&#8217;attivit\u00e0 sportiva, rinforzando tutti gli aspetti educativi e precipiti dello sport, tenendo lontano tutti gli atti di violenza e sregolatezza che oggi pervadono il mondo dello sport, specialmente nel settore calcistico giovanile.<\/p>\n\n\n\n<p class=\"has-primary-color has-text-color has-link-color wp-elements-babf5bbab2bc84eabc4a3ddf8144ec3a\">L\u2019ANES provvede direttamente al reclutamento, alla formazione, all&#8217;inquadramento ed all&#8217;impiego degli educatori sportivi assicurando condizioni di parit\u00e0 nell&#8217;accesso all&#8217;attivit\u00e0 educativa.<\/p>\n\n\n\n<p class=\"has-primary-color has-text-color has-link-color wp-elements-91998d00b66ed766481b604d8f4fd851\">L\u2019ANES \u00e8 organizzata con autonomia operativa e amministrativa che pu\u00f2 esercitare anche tramite le proprie articolazioni e recepisce le regole e lo statuto delle federazioni sportive che intendessero usufruire del servizio.<\/p>\n\n\n\n<p class=\"has-primary-color has-text-color has-link-color wp-elements-c5db1684310b18e0ca7b5846f73f0ff0\">L\u2019ANES \u00e8 retto da norme statutarie e regolamentari ispirate al principio di partecipazione alle attivit\u00e0 sociale da parte di chiunque in condizioni di uguaglianza e pari opportunit\u00e0. Le funzioni dell\u2019ANES, in ambito sportivo, sono svolte nelle rispetto dei principi, delle regole e delle competenze del C.O.N.I., delle Federazioni Sportive Nazionali e delle discipline associate.<\/p>\n\n\n\n<p class=\"has-primary-color has-text-color has-link-color wp-elements-a5906d4c2b4c8a309f54c22235d633a7\">L\u2019Associazione Nazionale Educatori Sportivi, (ANES), \u00e8 un\u2019Associazione Nazionale che opera nell&#8217;ambito dello sport in ogni sua disciplina, su tutto il territorio nazionale e nei paesi europei ed extra europei di attivit\u00e0 sportive dilettantistiche a carattere amatoriale, seppur con modalit\u00e0 competitive, volte alla formazione fisica, morale, sociale e della salute dei cittadini, nonch\u00e9 di tutte le attivit\u00e0 culturali, sociali, ricreative, salutistiche, del tempo libero, di formazione extra scolastica, ambientalistica turismo sociale che possono contribuire all&#8217;arricchimento della persona,<\/p>\n","protected":false},"excerpt":{"rendered":"<p>L\u2019Associazione Nazionale Educatori Sportivi nasce in Sicilia nel 2014, su idea del suo fondatore Dott. Walter Siragusa, (Ex Arbitro, Psicologo, Psicoterapeuta e Pedagogista)&nbsp;&nbsp;con la volont\u00e0 di attivare iniziative che possano costituire un&#8217;essenziale forma di protezione, educazione, formazione nei confronti di tutti i bambini o giovani che praticano attivit\u00e0 sportive, in modo particolare, lo sport del [&hellip;]<\/p>\n","protected":false},"author":1,"featured_media":0,"parent":0,"menu_order":0,"comment_status":"closed","ping_status":"closed","template":"page-no-header-image","meta":{"footnotes":""},"class_list":["post-36","page","type-page","status-publish","hentry"],"_links":{"self":[{"href":"https:\/\/educatorisportivi.it\/index.php?rest_route=\/wp\/v2\/pages\/36","targetHints":{"allow":["GET"]}}],"collection":[{"href":"https:\/\/educatorisportivi.it\/index.php?rest_route=\/wp\/v2\/pages"}],"about":[{"href":"https:\/\/educatorisportivi.it\/index.php?rest_route=\/wp\/v2\/types\/page"}],"author":[{"embeddable":true,"href":"https:\/\/educatorisportivi.it\/index.php?rest_route=\/wp\/v2\/users\/1"}],"replies":[{"embeddable":true,"href":"https:\/\/educatorisportivi.it\/index.php?rest_route=%2Fwp%2Fv2%2Fcomments&post=36"}],"version-history":[{"count":2,"href":"https:\/\/educatorisportivi.it\/index.php?rest_route=\/wp\/v2\/pages\/36\/revisions"}],"predecessor-version":[{"id":38,"href":"https:\/\/educatorisportivi.it\/index.php?rest_route=\/wp\/v2\/pages\/36\/revisions\/38"}],"wp:attachment":[{"href":"https:\/\/educatorisportivi.it\/index.php?rest_route=%2Fwp%2Fv2%2Fmedia&parent=36"}],"curies":[{"name":"wp","href":"https:\/\/api.w.org\/{rel}","templated":true}]}}