{"id":50,"date":"2025-05-13T06:55:00","date_gmt":"2025-05-13T06:55:00","guid":{"rendered":"https:\/\/educatorisportivi.it\/?page_id=50"},"modified":"2025-05-13T15:10:56","modified_gmt":"2025-05-13T15:10:56","slug":"eventi-e-iniziative","status":"publish","type":"page","link":"https:\/\/educatorisportivi.it\/?page_id=50","title":{"rendered":"Eventi e Iniziative"},"content":{"rendered":"<ul class=\"wp-block-latest-posts__list wp-block-latest-posts\"><li><div class=\"wp-block-latest-posts__featured-image\"><img fetchpriority=\"high\" decoding=\"async\" width=\"1024\" height=\"341\" src=\"https:\/\/educatorisportivi.it\/wp-content\/uploads\/2025\/05\/1-1024x341.png\" class=\"attachment-large size-large wp-post-image\" alt=\"\" style=\"\" srcset=\"https:\/\/educatorisportivi.it\/wp-content\/uploads\/2025\/05\/1-1024x341.png 1024w, https:\/\/educatorisportivi.it\/wp-content\/uploads\/2025\/05\/1-300x100.png 300w, https:\/\/educatorisportivi.it\/wp-content\/uploads\/2025\/05\/1-768x256.png 768w, https:\/\/educatorisportivi.it\/wp-content\/uploads\/2025\/05\/1.png 1500w\" sizes=\"(max-width: 1024px) 100vw, 1024px\" \/><\/div><a class=\"wp-block-latest-posts__post-title\" href=\"https:\/\/educatorisportivi.it\/?p=113\">Sito in fase di revisione<\/a><div class=\"wp-block-latest-posts__post-excerpt\">L&#8217;Associazione Nazionale Educatori Sportivi\u00a0\u00e8 in fase di rinnovamento digitale,per garantire una comunicazione pi\u00f9 efficace e servizi pi\u00f9 accessibili.Nei prossimi giorni potresti trovare alcune sezioni in aggiornamentooppure contenuti temporaneamente non disponibili.Ti ringraziamo per la pazienza e la comprensione.Per qualsiasi informazione o richiesta,puoi sempre contattarci via email o attraverso i nostri canali social. \ud83d\udce9\u00a0Clicca qui per contattarci\u2026 <a class=\"wp-block-latest-posts__read-more\" href=\"https:\/\/educatorisportivi.it\/?p=113\" rel=\"noopener noreferrer\">Leggi tutto<span class=\"screen-reader-text\">: Sito in fase di revisione<\/span><\/a><\/div><\/li>\n<\/ul>","protected":false},"excerpt":{"rendered":"","protected":false},"author":1,"featured_media":0,"parent":0,"menu_order":0,"comment_status":"closed","ping_status":"closed","template":"page-no-header-image","meta":{"footnotes":""},"class_list":["post-50","page","type-page","status-publish","hentry"],"_links":{"self":[{"href":"https:\/\/educatorisportivi.it\/index.php?rest_route=\/wp\/v2\/pages\/50","targetHints":{"allow":["GET"]}}],"collection":[{"href":"https:\/\/educatorisportivi.it\/index.php?rest_route=\/wp\/v2\/pages"}],"about":[{"href":"https:\/\/educatorisportivi.it\/index.php?rest_route=\/wp\/v2\/types\/page"}],"author":[{"embeddable":true,"href":"https:\/\/educatorisportivi.it\/index.php?rest_route=\/wp\/v2\/users\/1"}],"replies":[{"embeddable":true,"href":"https:\/\/educatorisportivi.it\/index.php?rest_route=%2Fwp%2Fv2%2Fcomments&post=50"}],"version-history":[{"count":8,"href":"https:\/\/educatorisportivi.it\/index.php?rest_route=\/wp\/v2\/pages\/50\/revisions"}],"predecessor-version":[{"id":196,"href":"https:\/\/educatorisportivi.it\/index.php?rest_route=\/wp\/v2\/pages\/50\/revisions\/196"}],"wp:attachment":[{"href":"https:\/\/educatorisportivi.it\/index.php?rest_route=%2Fwp%2Fv2%2Fmedia&parent=50"}],"curies":[{"name":"wp","href":"https:\/\/api.w.org\/{rel}","templated":true}]}}